{"id":11781,"date":"2025-04-10T13:36:29","date_gmt":"2025-04-10T13:36:29","guid":{"rendered":"https:\/\/gaggiotti.com\/gdpr\/"},"modified":"2025-04-10T14:21:54","modified_gmt":"2025-04-10T14:21:54","slug":"gdpr","status":"publish","type":"page","link":"https:\/\/gaggiotti.com\/fr\/gdpr\/","title":{"rendered":"GDPR"},"content":{"rendered":"\t\t<div data-elementor-type=\"wp-page\" data-elementor-id=\"11781\" class=\"elementor elementor-11781 elementor-11768\" data-elementor-post-type=\"page\">\n\t\t\t\t<div class=\"elementor-element elementor-element-26e65e8 e-flex e-con-boxed e-con e-parent\" data-id=\"26e65e8\" data-element_type=\"container\" data-e-type=\"container\" data-settings=\"{&quot;background_background&quot;:&quot;classic&quot;}\">\n\t\t\t\t\t<div class=\"e-con-inner\">\n\t\t\t\t<div class=\"elementor-element elementor-element-6aada6b elementor-widget elementor-widget-heading\" data-id=\"6aada6b\" data-element_type=\"widget\" data-e-type=\"widget\" data-widget_type=\"heading.default\">\n\t\t\t\t<div class=\"elementor-widget-container\">\n\t\t\t\t\t<h1 class=\"elementor-heading-title elementor-size-default\">GDPR<\/h1>\t\t\t\t<\/div>\n\t\t\t\t<\/div>\n\t\t\t\t\t<\/div>\n\t\t\t\t<\/div>\n\t\t<div class=\"elementor-element elementor-element-3a630e7 e-flex e-con-boxed e-con e-parent\" data-id=\"3a630e7\" data-element_type=\"container\" data-e-type=\"container\" data-settings=\"{&quot;background_background&quot;:&quot;classic&quot;}\">\n\t\t\t\t\t<div class=\"e-con-inner\">\n\t\t\t\t<div class=\"elementor-element elementor-element-1e4b824 elementor-widget elementor-widget-heading\" data-id=\"1e4b824\" data-element_type=\"widget\" data-e-type=\"widget\" data-widget_type=\"heading.default\">\n\t\t\t\t<div class=\"elementor-widget-container\">\n\t\t\t\t\t<h2 class=\"elementor-heading-title elementor-size-default\">General Data Protection Regulation UE 2016\/679<\/h2>\t\t\t\t<\/div>\n\t\t\t\t<\/div>\n\t\t\t\t<div class=\"elementor-element elementor-element-8085cbf elementor-widget elementor-widget-text-editor\" data-id=\"8085cbf\" data-element_type=\"widget\" data-e-type=\"widget\" data-widget_type=\"text-editor.default\">\n\t\t\t\t<div class=\"elementor-widget-container\">\n\t\t\t\t\t\t\t\t\t<p>Cher utilisateur,<br \/>Le 25 mai 2018, le nouveau R\u00e8glement europ\u00e9en (UE) 2016\/679 (RGPD) est entr\u00e9 en vigueur, qui d\u00e9finit les r\u00e8gles de protection des donn\u00e9es personnelles. L&rsquo;information est l&rsquo;outil que nous utilisons pour vous fournir toutes les informations utiles pour comprendre qui, quand, o\u00f9, comment et pourquoi traite et stocke vos donn\u00e9es personnelles. Une mesure de transparence appropri\u00e9e qui vous permettra d\u2019exercer pleinement les droits pr\u00e9vus par le R\u00e8glement.<\/p><p>En cas de doute, de question ou de probl\u00e8me, veuillez contacter directement le responsable du traitement ou le d\u00e9l\u00e9gu\u00e9 \u00e0 la protection des donn\u00e9es (DPD\/DPO), en envoyant une demande adress\u00e9e \u00e0:<\/p><p><strong>Responsable du traitement des donn\u00e9es:<\/strong> GAGGIOTTI DRILLING TOOLS SRL<\/p><ul><li><strong>Bureau: <\/strong>Via Francesco Crispi n. 20\/22, 60027 Osimo (AN) &#8211; Italia<\/li><li><strong>T\u00e9l\u00e9phone:<\/strong> +39 071 7108892<\/li><li><strong>Email:<\/strong> gaggiottidrillingtools@legalmail.it<\/li><\/ul>\t\t\t\t\t\t\t\t<\/div>\n\t\t\t\t<\/div>\n\t\t\t\t<div class=\"elementor-element elementor-element-75c5c74 elementor-widget elementor-widget-heading\" data-id=\"75c5c74\" data-element_type=\"widget\" data-e-type=\"widget\" data-widget_type=\"heading.default\">\n\t\t\t\t<div class=\"elementor-widget-container\">\n\t\t\t\t\t<h2 class=\"elementor-heading-title elementor-size-default\">Documents utiles<\/h2>\t\t\t\t<\/div>\n\t\t\t\t<\/div>\n\t\t<div class=\"elementor-element elementor-element-101af67 e-grid e-con-full e-con e-child\" data-id=\"101af67\" data-element_type=\"container\" data-e-type=\"container\">\n\t\t\t\t<div class=\"elementor-element elementor-element-871bf0b elementor-align-justify elementor-widget elementor-widget-button\" data-id=\"871bf0b\" data-element_type=\"widget\" data-e-type=\"widget\" data-widget_type=\"button.default\">\n\t\t\t\t<div class=\"elementor-widget-container\">\n\t\t\t\t\t\t\t\t\t<div class=\"elementor-button-wrapper\">\n\t\t\t\t\t<a class=\"elementor-button elementor-button-link elementor-size-sm\" href=\"https:\/\/gaggiotti.com\/wp-content\/uploads\/2025\/04\/Informations-sur-le-traitement-des-donnees-personelles-des-candidats_fra_rev-2025_1.pdf\" target=\"_blank\">\n\t\t\t\t\t\t<span class=\"elementor-button-content-wrapper\">\n\t\t\t\t\t\t<span class=\"elementor-button-icon\">\n\t\t\t\t<i aria-hidden=\"true\" class=\"fas fa-download\"><\/i>\t\t\t<\/span>\n\t\t\t\t\t\t\t\t\t<span class=\"elementor-button-text\">Informations pour les candidats<\/span>\n\t\t\t\t\t<\/span>\n\t\t\t\t\t<\/a>\n\t\t\t\t<\/div>\n\t\t\t\t\t\t\t\t<\/div>\n\t\t\t\t<\/div>\n\t\t\t\t<div class=\"elementor-element elementor-element-4451e90 elementor-align-justify elementor-widget elementor-widget-button\" data-id=\"4451e90\" data-element_type=\"widget\" data-e-type=\"widget\" data-widget_type=\"button.default\">\n\t\t\t\t<div class=\"elementor-widget-container\">\n\t\t\t\t\t\t\t\t\t<div class=\"elementor-button-wrapper\">\n\t\t\t\t\t<a class=\"elementor-button elementor-button-link elementor-size-sm\" href=\"https:\/\/gaggiotti.com\/wp-content\/uploads\/2025\/04\/Politique-de-confidentialite-clients_fra_rev-2025_1.pdf\" target=\"_blank\">\n\t\t\t\t\t\t<span class=\"elementor-button-content-wrapper\">\n\t\t\t\t\t\t<span class=\"elementor-button-icon\">\n\t\t\t\t<i aria-hidden=\"true\" class=\"fas fa-download\"><\/i>\t\t\t<\/span>\n\t\t\t\t\t\t\t\t\t<span class=\"elementor-button-text\">Informations pour les clients<\/span>\n\t\t\t\t\t<\/span>\n\t\t\t\t\t<\/a>\n\t\t\t\t<\/div>\n\t\t\t\t\t\t\t\t<\/div>\n\t\t\t\t<\/div>\n\t\t\t\t<div class=\"elementor-element elementor-element-cbd423d elementor-align-justify elementor-widget elementor-widget-button\" data-id=\"cbd423d\" data-element_type=\"widget\" data-e-type=\"widget\" data-widget_type=\"button.default\">\n\t\t\t\t<div class=\"elementor-widget-container\">\n\t\t\t\t\t\t\t\t\t<div class=\"elementor-button-wrapper\">\n\t\t\t\t\t<a class=\"elementor-button elementor-button-link elementor-size-sm\" href=\"https:\/\/gaggiotti.com\/wp-content\/uploads\/2025\/04\/Politique-de-confidentialite-pour-les-fornissers_fra_rev-2025_1.pdf\" target=\"_blank\">\n\t\t\t\t\t\t<span class=\"elementor-button-content-wrapper\">\n\t\t\t\t\t\t<span class=\"elementor-button-icon\">\n\t\t\t\t<i aria-hidden=\"true\" class=\"fas fa-download\"><\/i>\t\t\t<\/span>\n\t\t\t\t\t\t\t\t\t<span class=\"elementor-button-text\">Informations pour les fournisseurs<\/span>\n\t\t\t\t\t<\/span>\n\t\t\t\t\t<\/a>\n\t\t\t\t<\/div>\n\t\t\t\t\t\t\t\t<\/div>\n\t\t\t\t<\/div>\n\t\t\t\t<\/div>\n\t\t\t\t\t<\/div>\n\t\t\t\t<\/div>\n\t\t\t\t<\/div>\n\t\t","protected":false},"excerpt":{"rendered":"<p>GDPR General Data Protection Regulation UE 2016\/679 Cher utilisateur,Le 25 mai 2018, le nouveau R\u00e8glement europ\u00e9en (UE) 2016\/679 (RGPD) est entr\u00e9 en vigueur, qui d\u00e9finit les r\u00e8gles de protection des donn\u00e9es personnelles. L&rsquo;information est l&rsquo;outil que nous utilisons pour vous fournir toutes les informations utiles pour comprendre qui, quand, o\u00f9, comment et pourquoi traite et [&hellip;]<\/p>\n","protected":false},"author":9,"featured_media":0,"parent":0,"menu_order":0,"comment_status":"closed","ping_status":"closed","template":"","meta":{"_acf_changed":false,"slim_seo":{"title":"GDPR - Gaggiotti Drilling Tools","description":"GDPR General Data Protection Regulation UE 2016\/679 Cher utilisateur, Le 25 mai 2018, le nouveau R\u00e8glement europ\u00e9en (UE) 2016\/679 (RGPD) est entr\u00e9 en vigueur, q"},"footnotes":""},"class_list":["post-11781","page","type-page","status-publish","hentry"],"acf":[],"_links":{"self":[{"href":"https:\/\/gaggiotti.com\/fr\/wp-json\/wp\/v2\/pages\/11781","targetHints":{"allow":["GET"]}}],"collection":[{"href":"https:\/\/gaggiotti.com\/fr\/wp-json\/wp\/v2\/pages"}],"about":[{"href":"https:\/\/gaggiotti.com\/fr\/wp-json\/wp\/v2\/types\/page"}],"author":[{"embeddable":true,"href":"https:\/\/gaggiotti.com\/fr\/wp-json\/wp\/v2\/users\/9"}],"replies":[{"embeddable":true,"href":"https:\/\/gaggiotti.com\/fr\/wp-json\/wp\/v2\/comments?post=11781"}],"version-history":[{"count":0,"href":"https:\/\/gaggiotti.com\/fr\/wp-json\/wp\/v2\/pages\/11781\/revisions"}],"wp:attachment":[{"href":"https:\/\/gaggiotti.com\/fr\/wp-json\/wp\/v2\/media?parent=11781"}],"curies":[{"name":"wp","href":"https:\/\/api.w.org\/{rel}","templated":true}]}}