{"id":11782,"date":"2025-04-10T13:36:29","date_gmt":"2025-04-10T13:36:29","guid":{"rendered":"https:\/\/gaggiotti.com\/gdpr\/"},"modified":"2025-04-10T14:25:57","modified_gmt":"2025-04-10T14:25:57","slug":"gdpr","status":"publish","type":"page","link":"https:\/\/gaggiotti.com\/es\/gdpr\/","title":{"rendered":"GDPR"},"content":{"rendered":"\t\t<div data-elementor-type=\"wp-page\" data-elementor-id=\"11782\" class=\"elementor elementor-11782 elementor-11768\" data-elementor-post-type=\"page\">\n\t\t\t\t<div class=\"elementor-element elementor-element-26e65e8 e-flex e-con-boxed e-con e-parent\" data-id=\"26e65e8\" data-element_type=\"container\" data-e-type=\"container\" data-settings=\"{&quot;background_background&quot;:&quot;classic&quot;}\">\n\t\t\t\t\t<div class=\"e-con-inner\">\n\t\t\t\t<div class=\"elementor-element elementor-element-6aada6b elementor-widget elementor-widget-heading\" data-id=\"6aada6b\" data-element_type=\"widget\" data-e-type=\"widget\" data-widget_type=\"heading.default\">\n\t\t\t\t<div class=\"elementor-widget-container\">\n\t\t\t\t\t<h1 class=\"elementor-heading-title elementor-size-default\">GDPR<\/h1>\t\t\t\t<\/div>\n\t\t\t\t<\/div>\n\t\t\t\t\t<\/div>\n\t\t\t\t<\/div>\n\t\t<div class=\"elementor-element elementor-element-3a630e7 e-flex e-con-boxed e-con e-parent\" data-id=\"3a630e7\" data-element_type=\"container\" data-e-type=\"container\" data-settings=\"{&quot;background_background&quot;:&quot;classic&quot;}\">\n\t\t\t\t\t<div class=\"e-con-inner\">\n\t\t\t\t<div class=\"elementor-element elementor-element-1e4b824 elementor-widget elementor-widget-heading\" data-id=\"1e4b824\" data-element_type=\"widget\" data-e-type=\"widget\" data-widget_type=\"heading.default\">\n\t\t\t\t<div class=\"elementor-widget-container\">\n\t\t\t\t\t<h2 class=\"elementor-heading-title elementor-size-default\">General Data Protection Regulation UE 2016\/679<\/h2>\t\t\t\t<\/div>\n\t\t\t\t<\/div>\n\t\t\t\t<div class=\"elementor-element elementor-element-8085cbf elementor-widget elementor-widget-text-editor\" data-id=\"8085cbf\" data-element_type=\"widget\" data-e-type=\"widget\" data-widget_type=\"text-editor.default\">\n\t\t\t\t<div class=\"elementor-widget-container\">\n\t\t\t\t\t\t\t\t\t<p>Estimado usuario,<br \/>El 25 de mayo de 2018 entr\u00f3 en vigor el nuevo Reglamento Europeo (UE) 2016\/679 (RGPD), que define las normas de protecci\u00f3n de datos personales. La informaci\u00f3n es la herramienta que utilizamos para brindarte toda la informaci\u00f3n \u00fatil para entender qui\u00e9n, cu\u00e1ndo, d\u00f3nde, c\u00f3mo y por qu\u00e9 procesa y almacena tus datos personales. Una medida de debida transparencia que le permitir\u00e1 ejercer plenamente los derechos previstos por el Reglamento.<\/p><p>En caso de dudas, preguntas o problemas, por favor contacte directamente con el Responsable del Tratamiento o con el Delegado de Protecci\u00f3n de Datos (RPD\/DPO), enviando una solicitud dirigida a:<\/p><p><strong>Responsable del tratamiento de datos:<\/strong> GAGGIOTTI DRILLING TOOLS SRL<\/p><ul><li><strong>Oficina: <\/strong>Via Francesco Crispi n. 20\/22, 60027 Osimo (AN) &#8211; Italia<\/li><li><strong>Tel\u00e9fono:<\/strong> +39 071 7108892<\/li><li><strong>Email:<\/strong> gaggiottidrillingtools@legalmail.it<\/li><\/ul>\t\t\t\t\t\t\t\t<\/div>\n\t\t\t\t<\/div>\n\t\t\t\t<div class=\"elementor-element elementor-element-75c5c74 elementor-widget elementor-widget-heading\" data-id=\"75c5c74\" data-element_type=\"widget\" data-e-type=\"widget\" data-widget_type=\"heading.default\">\n\t\t\t\t<div class=\"elementor-widget-container\">\n\t\t\t\t\t<h2 class=\"elementor-heading-title elementor-size-default\">Documentos \u00fatiles<\/h2>\t\t\t\t<\/div>\n\t\t\t\t<\/div>\n\t\t<div class=\"elementor-element elementor-element-101af67 e-grid e-con-full e-con e-child\" data-id=\"101af67\" data-element_type=\"container\" data-e-type=\"container\">\n\t\t\t\t<div class=\"elementor-element elementor-element-871bf0b elementor-align-justify elementor-widget elementor-widget-button\" data-id=\"871bf0b\" data-element_type=\"widget\" data-e-type=\"widget\" data-widget_type=\"button.default\">\n\t\t\t\t<div class=\"elementor-widget-container\">\n\t\t\t\t\t\t\t\t\t<div class=\"elementor-button-wrapper\">\n\t\t\t\t\t<a class=\"elementor-button elementor-button-link elementor-size-sm\" href=\"https:\/\/gaggiotti.com\/wp-content\/uploads\/2025\/04\/Informacion-sobre-el-tratamiento-de-los-datos-personales-de-los-candidatos_esp_rev-2025_1.pdf\" target=\"_blank\">\n\t\t\t\t\t\t<span class=\"elementor-button-content-wrapper\">\n\t\t\t\t\t\t<span class=\"elementor-button-icon\">\n\t\t\t\t<i aria-hidden=\"true\" class=\"fas fa-download\"><\/i>\t\t\t<\/span>\n\t\t\t\t\t\t\t\t\t<span class=\"elementor-button-text\">Informaci\u00f3n para candidatos<\/span>\n\t\t\t\t\t<\/span>\n\t\t\t\t\t<\/a>\n\t\t\t\t<\/div>\n\t\t\t\t\t\t\t\t<\/div>\n\t\t\t\t<\/div>\n\t\t\t\t<div class=\"elementor-element elementor-element-4451e90 elementor-align-justify elementor-widget elementor-widget-button\" data-id=\"4451e90\" data-element_type=\"widget\" data-e-type=\"widget\" data-widget_type=\"button.default\">\n\t\t\t\t<div class=\"elementor-widget-container\">\n\t\t\t\t\t\t\t\t\t<div class=\"elementor-button-wrapper\">\n\t\t\t\t\t<a class=\"elementor-button elementor-button-link elementor-size-sm\" href=\"https:\/\/gaggiotti.com\/wp-content\/uploads\/2025\/04\/Politica-de-privacidad-de-los-clientes_esp_rev-2025_1.pdf\" target=\"_blank\">\n\t\t\t\t\t\t<span class=\"elementor-button-content-wrapper\">\n\t\t\t\t\t\t<span class=\"elementor-button-icon\">\n\t\t\t\t<i aria-hidden=\"true\" class=\"fas fa-download\"><\/i>\t\t\t<\/span>\n\t\t\t\t\t\t\t\t\t<span class=\"elementor-button-text\">Informaci\u00f3n para clientes<\/span>\n\t\t\t\t\t<\/span>\n\t\t\t\t\t<\/a>\n\t\t\t\t<\/div>\n\t\t\t\t\t\t\t\t<\/div>\n\t\t\t\t<\/div>\n\t\t\t\t<div class=\"elementor-element elementor-element-cbd423d elementor-align-justify elementor-widget elementor-widget-button\" data-id=\"cbd423d\" data-element_type=\"widget\" data-e-type=\"widget\" data-widget_type=\"button.default\">\n\t\t\t\t<div class=\"elementor-widget-container\">\n\t\t\t\t\t\t\t\t\t<div class=\"elementor-button-wrapper\">\n\t\t\t\t\t<a class=\"elementor-button elementor-button-link elementor-size-sm\" href=\"https:\/\/gaggiotti.com\/wp-content\/uploads\/2025\/04\/PolItica-de-privacidad-de-los-proveedores_esp_rev-2025_1.pdf\" target=\"_blank\">\n\t\t\t\t\t\t<span class=\"elementor-button-content-wrapper\">\n\t\t\t\t\t\t<span class=\"elementor-button-icon\">\n\t\t\t\t<i aria-hidden=\"true\" class=\"fas fa-download\"><\/i>\t\t\t<\/span>\n\t\t\t\t\t\t\t\t\t<span class=\"elementor-button-text\">Informaci\u00f3n para proveedores<\/span>\n\t\t\t\t\t<\/span>\n\t\t\t\t\t<\/a>\n\t\t\t\t<\/div>\n\t\t\t\t\t\t\t\t<\/div>\n\t\t\t\t<\/div>\n\t\t\t\t<\/div>\n\t\t\t\t\t<\/div>\n\t\t\t\t<\/div>\n\t\t\t\t<\/div>\n\t\t","protected":false},"excerpt":{"rendered":"<p>GDPR General Data Protection Regulation UE 2016\/679 Estimado usuario,El 25 de mayo de 2018 entr\u00f3 en vigor el nuevo Reglamento Europeo (UE) 2016\/679 (RGPD), que define las normas de protecci\u00f3n de datos personales. La informaci\u00f3n es la herramienta que utilizamos para brindarte toda la informaci\u00f3n \u00fatil para entender qui\u00e9n, cu\u00e1ndo, d\u00f3nde, c\u00f3mo y por qu\u00e9 [&hellip;]<\/p>\n","protected":false},"author":9,"featured_media":0,"parent":0,"menu_order":0,"comment_status":"closed","ping_status":"closed","template":"","meta":{"_acf_changed":false,"slim_seo":{"title":"GDPR - Gaggiotti Drilling Tools","description":"GDPR General Data Protection Regulation UE 2016\/679 Estimado usuario, El 25 de mayo de 2018 entr\u00f3 en vigor el nuevo Reglamento Europeo (UE) 2016\/679 (RGPD), que"},"footnotes":""},"class_list":["post-11782","page","type-page","status-publish","hentry"],"acf":[],"_links":{"self":[{"href":"https:\/\/gaggiotti.com\/es\/wp-json\/wp\/v2\/pages\/11782","targetHints":{"allow":["GET"]}}],"collection":[{"href":"https:\/\/gaggiotti.com\/es\/wp-json\/wp\/v2\/pages"}],"about":[{"href":"https:\/\/gaggiotti.com\/es\/wp-json\/wp\/v2\/types\/page"}],"author":[{"embeddable":true,"href":"https:\/\/gaggiotti.com\/es\/wp-json\/wp\/v2\/users\/9"}],"replies":[{"embeddable":true,"href":"https:\/\/gaggiotti.com\/es\/wp-json\/wp\/v2\/comments?post=11782"}],"version-history":[{"count":0,"href":"https:\/\/gaggiotti.com\/es\/wp-json\/wp\/v2\/pages\/11782\/revisions"}],"wp:attachment":[{"href":"https:\/\/gaggiotti.com\/es\/wp-json\/wp\/v2\/media?parent=11782"}],"curies":[{"name":"wp","href":"https:\/\/api.w.org\/{rel}","templated":true}]}}