{"id":11582,"date":"2025-01-11T18:29:04","date_gmt":"2025-01-11T18:29:04","guid":{"rendered":"https:\/\/gaggiotti.com\/barrena-de-vuelo-continuo-en-venta\/"},"modified":"2025-01-13T18:45:43","modified_gmt":"2025-01-13T18:45:43","slug":"equipo-cfa-barrena-continua","status":"publish","type":"page","link":"https:\/\/gaggiotti.com\/es\/equipo-cfa-barrena-continua\/","title":{"rendered":"Barrena continua en venta"},"content":{"rendered":"\n<h2 class=\"wp-block-heading\">Equipo CFA<\/h2>\n\n\n\n<p><br\/><\/p>\n\n\n\n<p>La perforaci\u00f3n con barrena continua (CFA), tambi\u00e9n conocida como pilotaje con barrena continua, es una t\u00e9cnica vers\u00e1til que se utiliza en la construcci\u00f3n para crear una cimentaci\u00f3n profunda de hormig\u00f3n en una amplia gama de condiciones. Los pilotes CFA pueden alcanzar profundidades de m\u00e1s de 30 metros y se pueden instalar r\u00e1pidamente con una interrupci\u00f3n m\u00ednima, lo que los convierte en el equipo perfecto para proyectos susceptibles al ruido o la vibraci\u00f3n. <\/p>\n\n\n\n<p>Gaggiotti Drilling Tools Srl es una empresa internacional l\u00edder en dise\u00f1o y fabricaci\u00f3n de herramientas de perforaci\u00f3n para pilotaje y cimentaci\u00f3n desde 1969. Si su proyecto requiere <a href=\"https:\/\/gaggiotti.com\/es\/prodotto_catalogo\/herramientas-de-gran-diametro\/\">herramientas de gran di\u00e1metro<\/a>, \u00a1Gaggiotti en Italia tiene la experiencia y las habilidades!<\/p>\n\n\n\n<p>Los pilotes CFA, o de h\u00e9lice continua, son un tipo de pilote de reposici\u00f3n perforado in situ, generalmente utilizado como pilote de cimentaci\u00f3n de di\u00e1metro medio y grande. La presencia de la h\u00e9lice durante la ejecuci\u00f3n evita el derrumbe de los muros de excavaci\u00f3n sin recurrir al uso de fluidos de soporte. <\/p>\n\n\n\n<p>Los m\u00e9todos de perforaci\u00f3n m\u00e1s comunes en la ingenier\u00eda especializada de cimentaciones son la <a href=\"https:\/\/gaggiotti.com\/es\/prodotto_catalogo\/barras-telescopicas\/\">perforaci\u00f3n con kelly<\/a>, la perforaci\u00f3n con <a href=\"https:\/\/gaggiotti.com\/es\/prodotto_catalogo\/barrenas-continuas-cfa\/\">barrena continua<\/a>, la perforaci\u00f3n con desplazamiento total, la perforaci\u00f3n rotatoria doble, la perforaci\u00f3n con martillo perforador y la perforaci\u00f3n con inyecci\u00f3n de aire con circulaci\u00f3n inversa. La perforaci\u00f3n con barrena continua pertenece a los m\u00e9todos de perforaci\u00f3n rotatoria en seco, es adecuada tanto para la perforaci\u00f3n previa como para la instalaci\u00f3n de pilotes hormigonados in situ. <\/p>\n\n\n\n<p><br\/><\/p>\n\n\n\n<p class=\"has-text-align-center\"><strong>\u00bfNecesita un proyecto personalizado para su maquinaria u obras de construcci\u00f3n?<br>\u00bfQuieres comprar equipos de perforaci\u00f3n especializados?<\/strong><\/p>\n\n\n\n<p class=\"has-text-align-center\"><strong><a href=\"https:\/\/gaggiotti.com\/es\/contactanos\/\">Por favor cont\u00e1ctanos, \u00a1podemos ayudarte!<\/a><\/strong><\/p>\n\n\n\n<p><\/p>\n\n\n\n<p><br><\/p>\n\n\n\n<div class=\"wp-block-cover\"><span aria-hidden=\"true\" class=\"wp-block-cover__background has-background-dim\"><\/span><img fetchpriority=\"high\" decoding=\"async\" width=\"850\" height=\"483\" class=\"wp-block-cover__image-background wp-image-11551\" alt=\"CFA Equipment - Equipo CFA - Continuous Flight Auger Piling Techniques - Barrena continua\" src=\"https:\/\/gaggiotti.com\/wp-content\/uploads\/2025\/01\/drilling-with-continuous-flight-auger-cfa.jpg\" data-object-fit=\"cover\" srcset=\"https:\/\/gaggiotti.com\/wp-content\/uploads\/2025\/01\/drilling-with-continuous-flight-auger-cfa.jpg 850w, https:\/\/gaggiotti.com\/wp-content\/uploads\/2025\/01\/drilling-with-continuous-flight-auger-cfa-300x170.jpg 300w, https:\/\/gaggiotti.com\/wp-content\/uploads\/2025\/01\/drilling-with-continuous-flight-auger-cfa-768x436.jpg 768w\" sizes=\"(max-width: 850px) 100vw, 850px\" \/><div class=\"wp-block-cover__inner-container is-layout-constrained wp-container-core-cover-is-layout-4d2f664f wp-block-cover-is-layout-constrained\">\n<p class=\"has-text-align-center has-large-font-size\">T\u00e9cnicas de hinca con barrena continua<\/p>\n<\/div><\/div>\n\n\n\n<p><br\/><\/p>\n\n\n\n<p class=\"has-text-align-center\"><strong>Equipos CFA fabricados en Italia &#8211; caracter\u00edsticas destacadas<\/strong><br>Proceso continuo, estabilidad, versatilidad, reducci\u00f3n de costes, reducci\u00f3n de ruido y vibraciones.<\/p>\n\n\n\n<p><\/p>\n","protected":false},"excerpt":{"rendered":"<p>Equipo CFA La perforaci\u00f3n con barrena continua (CFA), tambi\u00e9n conocida como pilotaje con barrena continua, es una t\u00e9cnica vers\u00e1til que se utiliza en la construcci\u00f3n para crear una cimentaci\u00f3n profunda de hormig\u00f3n en una amplia gama de condiciones. Los pilotes CFA pueden alcanzar profundidades de m\u00e1s de 30 metros y se pueden instalar r\u00e1pidamente con [&hellip;]<\/p>\n","protected":false},"author":6,"featured_media":0,"parent":0,"menu_order":0,"comment_status":"closed","ping_status":"closed","template":"","meta":{"_acf_changed":false,"slim_seo":{"title":"Barrena continua en venta - Gaggiotti Drilling Tools","description":"Equipo CFA La perforaci\u00f3n con barrena continua (CFA), tambi\u00e9n conocida como pilotaje con barrena continua, es una t\u00e9cnica vers\u00e1til que se utiliza en la construc"},"footnotes":""},"class_list":["post-11582","page","type-page","status-publish","hentry"],"acf":[],"_links":{"self":[{"href":"https:\/\/gaggiotti.com\/es\/wp-json\/wp\/v2\/pages\/11582","targetHints":{"allow":["GET"]}}],"collection":[{"href":"https:\/\/gaggiotti.com\/es\/wp-json\/wp\/v2\/pages"}],"about":[{"href":"https:\/\/gaggiotti.com\/es\/wp-json\/wp\/v2\/types\/page"}],"author":[{"embeddable":true,"href":"https:\/\/gaggiotti.com\/es\/wp-json\/wp\/v2\/users\/6"}],"replies":[{"embeddable":true,"href":"https:\/\/gaggiotti.com\/es\/wp-json\/wp\/v2\/comments?post=11582"}],"version-history":[{"count":0,"href":"https:\/\/gaggiotti.com\/es\/wp-json\/wp\/v2\/pages\/11582\/revisions"}],"wp:attachment":[{"href":"https:\/\/gaggiotti.com\/es\/wp-json\/wp\/v2\/media?parent=11582"}],"curies":[{"name":"wp","href":"https:\/\/api.w.org\/{rel}","templated":true}]}}