{"id":11019,"date":"2023-06-22T04:27:41","date_gmt":"2023-06-22T04:27:41","guid":{"rendered":"https:\/\/gaggiotti.com\/productos-personalizados\/"},"modified":"2024-12-03T08:51:47","modified_gmt":"2024-12-03T08:51:47","slug":"productos-personalizados","status":"publish","type":"page","link":"https:\/\/gaggiotti.com\/es\/productos-personalizados\/","title":{"rendered":"Productos personalizados"},"content":{"rendered":"\t\t<div data-elementor-type=\"wp-page\" data-elementor-id=\"11019\" class=\"elementor elementor-11019 elementor-14\" data-elementor-post-type=\"page\">\n\t\t\t\t<section class=\"elementor-element elementor-element-7d7851a e-con-full banner_global e-flex e-con e-parent\" data-id=\"7d7851a\" data-element_type=\"container\" data-e-type=\"container\" data-settings=\"{&quot;background_background&quot;:&quot;classic&quot;}\">\n\t\t\t\t<div class=\"elementor-element elementor-element-8f06011 elementor-widget elementor-widget-heading\" data-id=\"8f06011\" data-element_type=\"widget\" data-e-type=\"widget\" data-widget_type=\"heading.default\">\n\t\t\t\t<div class=\"elementor-widget-container\">\n\t\t\t\t\t<h6 class=\"elementor-heading-title elementor-size-default\">Descubre nuestros<\/h6>\t\t\t\t<\/div>\n\t\t\t\t<\/div>\n\t\t\t\t<div class=\"elementor-element elementor-element-18b0375 elementor-widget elementor-widget-heading\" data-id=\"18b0375\" data-element_type=\"widget\" data-e-type=\"widget\" data-widget_type=\"heading.default\">\n\t\t\t\t<div class=\"elementor-widget-container\">\n\t\t\t\t\t<h3 class=\"elementor-heading-title elementor-size-default\">Productos personalizados<\/h3>\t\t\t\t<\/div>\n\t\t\t\t<\/div>\n\t\t\t\t<\/section>\n\t\t<section class=\"elementor-element elementor-element-a6135a4 e-flex e-con-boxed e-con e-parent\" data-id=\"a6135a4\" data-element_type=\"container\" data-e-type=\"container\" data-settings=\"{&quot;background_background&quot;:&quot;classic&quot;}\">\n\t\t\t\t\t<div class=\"e-con-inner\">\n\t\t<div class=\"elementor-element elementor-element-a92b70b e-con-full e-flex e-con e-parent\" data-id=\"a92b70b\" data-element_type=\"container\" data-e-type=\"container\">\n\t\t<div class=\"elementor-element elementor-element-1e03b90 e-flex e-con-boxed e-con e-parent\" data-id=\"1e03b90\" data-element_type=\"container\" data-e-type=\"container\">\n\t\t\t\t\t<div class=\"e-con-inner\">\n\t\t\t\t<div class=\"elementor-element elementor-element-6195e09 elementor-view-default elementor-widget elementor-widget-icon\" data-id=\"6195e09\" data-element_type=\"widget\" data-e-type=\"widget\" data-widget_type=\"icon.default\">\n\t\t\t\t<div class=\"elementor-widget-container\">\n\t\t\t\t\t\t\t<div class=\"elementor-icon-wrapper\">\n\t\t\t<div class=\"elementor-icon\">\n\t\t\t<svg xmlns=\"http:\/\/www.w3.org\/2000\/svg\" width=\"20\" height=\"20\" viewBox=\"0 0 20 20\" fill=\"none\"><g clip-path=\"url(#clip0_202_27319)\"><path d=\"M10 20C4.47712 20 0 15.5246 0 10.0011C0 4.47761 4.47712 0 10 0V20Z\" fill=\"white\"><\/path><path d=\"M20 0V20H10L20 0Z\" fill=\"white\"><\/path><\/g><defs><clipPath id=\"clip0_202_27319\"><rect width=\"20\" height=\"20\" fill=\"white\"><\/rect><\/clipPath><\/defs><\/svg>\t\t\t<\/div>\n\t\t<\/div>\n\t\t\t\t\t\t<\/div>\n\t\t\t\t<\/div>\n\t\t\t\t<div class=\"elementor-element elementor-element-c775f14 elementor-widget elementor-widget-heading\" data-id=\"c775f14\" data-element_type=\"widget\" data-e-type=\"widget\" data-widget_type=\"heading.default\">\n\t\t\t\t<div class=\"elementor-widget-container\">\n\t\t\t\t\t<h6 class=\"elementor-heading-title elementor-size-default\">Soluciones personalizadas para hacer realidad tu proyecto.<\/h6>\t\t\t\t<\/div>\n\t\t\t\t<\/div>\n\t\t\t\t\t<\/div>\n\t\t\t\t<\/div>\n\t\t\t\t<div class=\"elementor-element elementor-element-9c0bf45 orange-text-sec elementor-widget__width-initial elementor-widget-tablet__width-inherit elementor-widget elementor-widget-heading\" data-id=\"9c0bf45\" data-element_type=\"widget\" data-e-type=\"widget\" data-widget_type=\"heading.default\">\n\t\t\t\t<div class=\"elementor-widget-container\">\n\t\t\t\t\t<h3 class=\"elementor-heading-title elementor-size-default\">Productos a medida: Perfecci\u00f3n que se adapta a tus necesidades.<\/h3>\t\t\t\t<\/div>\n\t\t\t\t<\/div>\n\t\t\t\t<\/div>\n\t\t<div class=\"elementor-element elementor-element-7660779 e-con-full e-flex e-con e-parent\" data-id=\"7660779\" data-element_type=\"container\" data-e-type=\"container\">\n\t\t\t\t<div class=\"elementor-element elementor-element-af21f5c elementor-widget elementor-widget-text-editor\" data-id=\"af21f5c\" data-element_type=\"widget\" data-e-type=\"widget\" data-widget_type=\"text-editor.default\">\n\t\t\t\t<div class=\"elementor-widget-container\">\n\t\t\t\t\t\t\t\t\t<p>La personalizaci\u00f3n y el alta calidad son nuestros puntos fuertes, que nos distinguen desde siempre.<\/p>\n<p>Un producto personalizado nace de la escucha atenta del cliente para comprender las necesidades y exigencias espec\u00edficas de la obra que se va a realizar. <\/p>\n<p>En Gaggiotti ponemos a disposici\u00f3n nuestro conocimiento t\u00e9cnico y nuestro saber hacer artesanal para dise\u00f1ar y crear herramientas y accesorios personalizados, construidos cuidando hasta el m\u00e1s m\u00ednimo detalle y compatibles con las perforadoras de cualquier marca.<\/p>\n<p>Para identificar la mejor soluci\u00f3n que permita la ejecuci\u00f3n de los pilotes en los tiempos esperados, involucramos al cliente en la fase de estudio y dise\u00f1o porque estamos convencidos de que la elecci\u00f3n de una herramienta de perforaci\u00f3n es un factor determinante para la ejecuci\u00f3n impecable de un trabajo de cimentaci\u00f3n. <\/p>\n\t\t\t\t\t\t\t\t<\/div>\n\t\t\t\t<\/div>\n\t\t\t\t<\/div>\n\t\t\t\t\t<\/div>\n\t\t\t\t<\/section>\n\t\t<section class=\"elementor-element elementor-element-2ba0fb1 e-flex e-con-boxed e-con e-parent\" data-id=\"2ba0fb1\" data-element_type=\"container\" data-e-type=\"container\" data-settings=\"{&quot;background_background&quot;:&quot;classic&quot;}\">\n\t\t\t\t\t<div class=\"e-con-inner\">\n\t\t<div class=\"elementor-element elementor-element-6bc02a8 e-con-full e-flex e-con e-parent\" data-id=\"6bc02a8\" data-element_type=\"container\" data-e-type=\"container\">\n\t\t\t\t<div class=\"elementor-element elementor-element-9e53630 elementor-widget elementor-widget-heading\" data-id=\"9e53630\" data-element_type=\"widget\" data-e-type=\"widget\" data-widget_type=\"heading.default\">\n\t\t\t\t<div class=\"elementor-widget-container\">\n\t\t\t\t\t<h3 class=\"elementor-heading-title elementor-size-default\">Somos una s\u00f3lida realidad productiva que desde hace m\u00e1s de 50 a\u00f1os dise\u00f1a y produce herramientas de perforaci\u00f3n de alta calidad para el sector de la cimentaci\u00f3n y del pilotaje.<\/h3>\t\t\t\t<\/div>\n\t\t\t\t<\/div>\n\t\t\t\t<\/div>\n\t\t<div class=\"elementor-element elementor-element-f03509a e-con-full e-flex e-con e-parent\" data-id=\"f03509a\" data-element_type=\"container\" data-e-type=\"container\">\n\t\t\t\t<div class=\"elementor-element elementor-element-d270bde elementor-widget elementor-widget-text-editor\" data-id=\"d270bde\" data-element_type=\"widget\" data-e-type=\"widget\" data-widget_type=\"text-editor.default\">\n\t\t\t\t<div class=\"elementor-widget-container\">\n\t\t\t\t\t\t\t\t\t<p>Nuestra identidad artesanal y nuestra experiencia nos permiten fabricar internamente herramientas rotativas como baldes, h\u00e9lices y botes de corona, barrenas continuas CFA y barras telesc\u00f3picas para m\u00e1quinas perforadoras.<\/p>\n<p>Nuestra estructura \u00e1gil y din\u00e1mica nos permite tener en cuentas las exigencias de nuestros clientes, ofreci\u00e9ndoles productos personalizados realizados cuidando hasta el m\u00e1s m\u00ednimo detalle. Proporcionamos soporte completo en todas las fases de la venta, desde el estudio de las caracter\u00edsticas t\u00e9cnicas de la herramienta de perforaci\u00f3n hasta el transporte y la asistencia posventa. <\/p>\n<p>Estamos situados en Osimo, un distrito industrial del centro de Italia altamente especializado en la producci\u00f3n de perforadoras y accesorios para pilotaje.<\/p>\n\t\t\t\t\t\t\t\t<\/div>\n\t\t\t\t<\/div>\n\t\t\t\t<\/div>\n\t\t\t\t\t<\/div>\n\t\t\t\t<\/section>\n\t\t<section class=\"elementor-element elementor-element-7bfeefb product e-con-full e-flex e-con e-parent\" data-id=\"7bfeefb\" data-element_type=\"container\" data-e-type=\"container\" data-settings=\"{&quot;background_background&quot;:&quot;classic&quot;}\">\n\t\t<div class=\"elementor-element elementor-element-369f22b e-con-full e-flex e-con e-parent\" data-id=\"369f22b\" data-element_type=\"container\" data-e-type=\"container\">\n\t\t\t\t<div class=\"elementor-element elementor-element-8605314 elementor-widget elementor-widget-image\" data-id=\"8605314\" data-element_type=\"widget\" data-e-type=\"widget\" data-widget_type=\"image.default\">\n\t\t\t\t<div class=\"elementor-widget-container\">\n\t\t\t\t\t\t\t\t\t\t\t\t\t\t\t<img fetchpriority=\"high\" decoding=\"async\" width=\"800\" height=\"534\" src=\"https:\/\/gaggiotti.com\/wp-content\/uploads\/2023\/08\/S-gaggiotti_0286_300523.jpg\" class=\"attachment-full size-full wp-image-8060\" alt=\"custom drilling tools equipments\" srcset=\"https:\/\/gaggiotti.com\/wp-content\/uploads\/2023\/08\/S-gaggiotti_0286_300523.jpg 800w, https:\/\/gaggiotti.com\/wp-content\/uploads\/2023\/08\/S-gaggiotti_0286_300523-300x200.jpg 300w, https:\/\/gaggiotti.com\/wp-content\/uploads\/2023\/08\/S-gaggiotti_0286_300523-768x513.jpg 768w\" sizes=\"(max-width: 800px) 100vw, 800px\" \/>\t\t\t\t\t\t\t\t\t\t\t\t\t\t\t<\/div>\n\t\t\t\t<\/div>\n\t\t\t\t<\/div>\n\t\t<div class=\"elementor-element elementor-element-fba72bd e-con-full e-flex e-con e-parent\" data-id=\"fba72bd\" data-element_type=\"container\" data-e-type=\"container\" data-settings=\"{&quot;background_background&quot;:&quot;classic&quot;}\">\n\t\t<div class=\"elementor-element elementor-element-d97dac1 e-con-full e-flex e-con e-parent\" data-id=\"d97dac1\" data-element_type=\"container\" data-e-type=\"container\">\n\t\t<div class=\"elementor-element elementor-element-e95d383 e-flex e-con-boxed e-con e-parent\" data-id=\"e95d383\" data-element_type=\"container\" data-e-type=\"container\" data-settings=\"{&quot;background_background&quot;:&quot;classic&quot;}\">\n\t\t\t\t\t<div class=\"e-con-inner\">\n\t\t\t\t<div class=\"elementor-element elementor-element-9601cfc elementor-view-default elementor-widget elementor-widget-icon\" data-id=\"9601cfc\" data-element_type=\"widget\" data-e-type=\"widget\" data-widget_type=\"icon.default\">\n\t\t\t\t<div class=\"elementor-widget-container\">\n\t\t\t\t\t\t\t<div class=\"elementor-icon-wrapper\">\n\t\t\t<div class=\"elementor-icon\">\n\t\t\t<svg xmlns=\"http:\/\/www.w3.org\/2000\/svg\" width=\"21\" height=\"21\" viewBox=\"0 0 21 21\" fill=\"none\"><g clip-path=\"url(#clip0_709_3422)\"><path d=\"M20.5 10.1936C20.5 15.7583 16.0224 20.2693 10.4989 20.2693C4.9754 20.2693 0.5 15.7583 0.5 10.1936H20.5Z\" fill=\"#FE5000\"><\/path><path d=\"M20.5 0.26709C20.5 5.8318 16.0224 10.3428 10.4989 10.3428C4.9754 10.3428 0.5 5.8318 0.5 0.26709H20.5Z\" fill=\"#FE5000\"><\/path><\/g><defs><clipPath id=\"clip0_709_3422\"><rect width=\"20\" height=\"20\" fill=\"white\" transform=\"translate(0.5 0.26709)\"><\/rect><\/clipPath><\/defs><\/svg>\t\t\t<\/div>\n\t\t<\/div>\n\t\t\t\t\t\t<\/div>\n\t\t\t\t<\/div>\n\t\t\t\t<div class=\"elementor-element elementor-element-cdd30c4 elementor-widget elementor-widget-text-editor\" data-id=\"cdd30c4\" data-element_type=\"widget\" data-e-type=\"widget\" data-widget_type=\"text-editor.default\">\n\t\t\t\t<div class=\"elementor-widget-container\">\n\t\t\t\t\t\t\t\t\t<p><span style=\"vertical-align: inherit;\"><span style=\"vertical-align: inherit;\">Descargas<\/span><\/span><\/p>\n\t\t\t\t\t\t\t\t<\/div>\n\t\t\t\t<\/div>\n\t\t\t\t\t<\/div>\n\t\t\t\t<\/div>\n\t\t\t\t<div class=\"elementor-element elementor-element-0e43e01 elementor-widget elementor-widget-heading\" data-id=\"0e43e01\" data-element_type=\"widget\" data-e-type=\"widget\" data-widget_type=\"heading.default\">\n\t\t\t\t<div class=\"elementor-widget-container\">\n\t\t\t\t\t<h3 class=\"elementor-heading-title elementor-size-default\">Descarga nuestro cat\u00e1logo<\/h3>\t\t\t\t<\/div>\n\t\t\t\t<\/div>\n\t\t\t\t<div class=\"elementor-element elementor-element-b1bcff1 elementor-widget elementor-widget-text-editor\" data-id=\"b1bcff1\" data-element_type=\"widget\" data-e-type=\"widget\" data-widget_type=\"text-editor.default\">\n\t\t\t\t<div class=\"elementor-widget-container\">\n\t\t\t\t\t\t\t\t\t<p>Cat\u00e1logo completo en formato pdf para consultar en cualquier momento.<\/p>\n\t\t\t\t\t\t\t\t<\/div>\n\t\t\t\t<\/div>\n\t\t\t\t<div class=\"elementor-element elementor-element-45c310f elementor-widget elementor-widget-button\" data-id=\"45c310f\" data-element_type=\"widget\" data-e-type=\"widget\" data-widget_type=\"button.default\">\n\t\t\t\t<div class=\"elementor-widget-container\">\n\t\t\t\t\t\t\t\t\t<div class=\"elementor-button-wrapper\">\n\t\t\t\t\t<a class=\"elementor-button elementor-button-link elementor-size-sm\" href=\"https:\/\/gaggiotti.com\/es\/catalogo\/\">\n\t\t\t\t\t\t<span class=\"elementor-button-content-wrapper\">\n\t\t\t\t\t\t\t\t\t<span class=\"elementor-button-text\">Descarga el cat\u00e1logo de productos<\/span>\n\t\t\t\t\t<\/span>\n\t\t\t\t\t<\/a>\n\t\t\t\t<\/div>\n\t\t\t\t\t\t\t\t<\/div>\n\t\t\t\t<\/div>\n\t\t\t\t<\/div>\n\t\t\t\t<\/div>\n\t\t\t\t<\/section>\n\t\t<section class=\"elementor-element elementor-element-1a8be5a e-con-full e-flex e-con e-parent\" data-id=\"1a8be5a\" data-element_type=\"container\" data-e-type=\"container\">\n\t\t\t\t<div class=\"elementor-element elementor-element-7a88f47 elementor-widget elementor-widget-template\" data-id=\"7a88f47\" data-element_type=\"widget\" data-e-type=\"widget\" data-widget_type=\"template.default\">\n\t\t\t\t<div class=\"elementor-widget-container\">\n\t\t\t\t\t\t\t<div class=\"elementor-template\">\n\t\t\t\t\t<div data-elementor-type=\"container\" data-elementor-id=\"9177\" class=\"elementor elementor-9177 elementor-227 elementor-227\" data-elementor-post-type=\"elementor_library\">\n\t\t\t\t<section class=\"elementor-element elementor-element-df5925f e-flex e-con-boxed e-con e-parent\" data-id=\"df5925f\" data-element_type=\"container\" data-e-type=\"container\" data-settings=\"{&quot;background_background&quot;:&quot;classic&quot;}\">\n\t\t\t\t\t<div class=\"e-con-inner\">\n\t\t<div class=\"elementor-element elementor-element-883c3d8 e-con-full e-flex e-con e-child\" data-id=\"883c3d8\" data-element_type=\"container\" data-e-type=\"container\">\n\t\t<div class=\"elementor-element elementor-element-4196bcb e-flex e-con-boxed e-con e-child\" data-id=\"4196bcb\" data-element_type=\"container\" data-e-type=\"container\">\n\t\t\t\t\t<div class=\"e-con-inner\">\n\t\t\t\t<div class=\"elementor-element elementor-element-91e6beb elementor-widget elementor-widget-image\" data-id=\"91e6beb\" data-element_type=\"widget\" data-e-type=\"widget\" data-widget_type=\"image.default\">\n\t\t\t\t<div class=\"elementor-widget-container\">\n\t\t\t\t\t\t\t\t\t\t\t\t\t\t\t<img decoding=\"async\" src=\"https:\/\/gaggiotti.com\/wp-content\/uploads\/2023\/07\/Icons-custom-form.png\" title=\"Icons custom form\" alt=\"Icons custom form\" loading=\"lazy\" \/>\t\t\t\t\t\t\t\t\t\t\t\t\t\t\t<\/div>\n\t\t\t\t<\/div>\n\t\t\t\t<div class=\"elementor-element elementor-element-31aeb5c elementor-widget elementor-widget-text-editor\" data-id=\"31aeb5c\" data-element_type=\"widget\" data-e-type=\"widget\" data-widget_type=\"text-editor.default\">\n\t\t\t\t<div class=\"elementor-widget-container\">\n\t\t\t\t\t\t\t\t\t<p><span style=\"vertical-align: inherit;\"><span style=\"vertical-align: inherit;\">Cont\u00e1ctanos<\/span><\/span><\/p>\n\t\t\t\t\t\t\t\t<\/div>\n\t\t\t\t<\/div>\n\t\t\t\t\t<\/div>\n\t\t\t\t<\/div>\n\t\t<div class=\"elementor-element elementor-element-71dd5fa e-flex e-con-boxed e-con e-child\" data-id=\"71dd5fa\" data-element_type=\"container\" data-e-type=\"container\">\n\t\t\t\t\t<div class=\"e-con-inner\">\n\t\t\t\t<div class=\"elementor-element elementor-element-ac296bd elementor-widget elementor-widget-heading\" data-id=\"ac296bd\" data-element_type=\"widget\" data-e-type=\"widget\" data-widget_type=\"heading.default\">\n\t\t\t\t<div class=\"elementor-widget-container\">\n\t\t\t\t\t<h3 class=\"elementor-heading-title elementor-size-default\">Para recibir m\u00e1s informaci\u00f3n, rellene el siguiente formulario<\/h3>\t\t\t\t<\/div>\n\t\t\t\t<\/div>\n\t\t\t\t\t<\/div>\n\t\t\t\t<\/div>\n\t\t\t\t<\/div>\n\t\t<div class=\"elementor-element elementor-element-5e6e161 e-con-full e-flex e-con e-child\" data-id=\"5e6e161\" data-element_type=\"container\" data-e-type=\"container\">\n\t\t\t\t<div class=\"elementor-element elementor-element-f9c4505 elementor-button-align-center site_contact_form elementor-widget elementor-widget-form\" data-id=\"f9c4505\" data-element_type=\"widget\" data-e-type=\"widget\" data-settings=\"{&quot;step_next_label&quot;:&quot;Siguiente&quot;,&quot;step_previous_label&quot;:&quot;Anterior&quot;,&quot;button_width&quot;:&quot;50&quot;,&quot;step_type&quot;:&quot;number_text&quot;,&quot;step_icon_shape&quot;:&quot;circle&quot;}\" data-widget_type=\"form.default\">\n\t\t\t\t<div class=\"elementor-widget-container\">\n\t\t\t\t\t\t\t<form class=\"elementor-form\" method=\"post\" name=\"Nuevo formulario\" aria-label=\"Nuevo formulario\">\n\t\t\t<input type=\"hidden\" name=\"post_id\" value=\"9177\"\/>\n\t\t\t<input type=\"hidden\" name=\"form_id\" value=\"f9c4505\"\/>\n\t\t\t<input type=\"hidden\" name=\"referer_title\" value=\"Cont\u00e1ctanos - Gaggiotti Drilling Tools\" \/>\n\n\t\t\t\t\t\t\t<input type=\"hidden\" name=\"queried_id\" value=\"11227\"\/>\n\t\t\t\n\t\t\t<div class=\"elementor-form-fields-wrapper elementor-labels-above\">\n\t\t\t\t\t\t\t\t<div class=\"elementor-field-type-text elementor-field-group elementor-column elementor-field-group-field_04c8dbc elementor-col-50\">\n\t\t\t\t\t\t\t\t\t\t\t\t<label for=\"form-field-field_04c8dbc\" class=\"elementor-field-label\">\n\t\t\t\t\t\t\t\tEmpresa\t\t\t\t\t\t\t<\/label>\n\t\t\t\t\t\t\t\t\t\t\t\t\t\t<input size=\"1\" type=\"text\" name=\"form_fields[field_04c8dbc]\" id=\"form-field-field_04c8dbc\" class=\"elementor-field elementor-size-sm  elementor-field-textual\">\n\t\t\t\t\t\t\t\t\t\t\t<\/div>\n\t\t\t\t\t\t\t\t<div class=\"elementor-field-type-text elementor-field-group elementor-column elementor-field-group-field_9bce694 elementor-col-50\">\n\t\t\t\t\t\t\t\t\t\t\t\t<label for=\"form-field-field_9bce694\" class=\"elementor-field-label\">\n\t\t\t\t\t\t\t\tNazione\t\t\t\t\t\t\t<\/label>\n\t\t\t\t\t\t\t\t\t\t\t\t\t\t<input size=\"1\" type=\"text\" name=\"form_fields[field_9bce694]\" id=\"form-field-field_9bce694\" class=\"elementor-field elementor-size-sm  elementor-field-textual\">\n\t\t\t\t\t\t\t\t\t\t\t<\/div>\n\t\t\t\t\t\t\t\t<div class=\"elementor-field-type-text elementor-field-group elementor-column elementor-field-group-name elementor-col-50 elementor-field-required elementor-mark-required\">\n\t\t\t\t\t\t\t\t\t\t\t\t<label for=\"form-field-name\" class=\"elementor-field-label\">\n\t\t\t\t\t\t\t\tNombre\t\t\t\t\t\t\t<\/label>\n\t\t\t\t\t\t\t\t\t\t\t\t\t\t<input size=\"1\" type=\"text\" name=\"form_fields[name]\" id=\"form-field-name\" class=\"elementor-field elementor-size-sm  elementor-field-textual\" required=\"required\">\n\t\t\t\t\t\t\t\t\t\t\t<\/div>\n\t\t\t\t\t\t\t\t<div class=\"elementor-field-type-text elementor-field-group elementor-column elementor-field-group-email elementor-col-50 elementor-field-required elementor-mark-required\">\n\t\t\t\t\t\t\t\t\t\t\t\t<label for=\"form-field-email\" class=\"elementor-field-label\">\n\t\t\t\t\t\t\t\tApellidos\t\t\t\t\t\t\t<\/label>\n\t\t\t\t\t\t\t\t\t\t\t\t\t\t<input size=\"1\" type=\"text\" name=\"form_fields[email]\" id=\"form-field-email\" class=\"elementor-field elementor-size-sm  elementor-field-textual\" required=\"required\">\n\t\t\t\t\t\t\t\t\t\t\t<\/div>\n\t\t\t\t\t\t\t\t<div class=\"elementor-field-type-text elementor-field-group elementor-column elementor-field-group-field_bbba1a2 elementor-col-33\">\n\t\t\t\t\t\t\t\t\t\t\t\t<label for=\"form-field-field_bbba1a2\" class=\"elementor-field-label\">\n\t\t\t\t\t\t\t\tPosici\u00f3n\t\t\t\t\t\t\t<\/label>\n\t\t\t\t\t\t\t\t\t\t\t\t\t\t<input size=\"1\" type=\"text\" name=\"form_fields[field_bbba1a2]\" id=\"form-field-field_bbba1a2\" class=\"elementor-field elementor-size-sm  elementor-field-textual\">\n\t\t\t\t\t\t\t\t\t\t\t<\/div>\n\t\t\t\t\t\t\t\t<div class=\"elementor-field-type-email elementor-field-group elementor-column elementor-field-group-field_ec69800 elementor-col-33 elementor-field-required elementor-mark-required\">\n\t\t\t\t\t\t\t\t\t\t\t\t<label for=\"form-field-field_ec69800\" class=\"elementor-field-label\">\n\t\t\t\t\t\t\t\tCorreo electr\u00f3nico\t\t\t\t\t\t\t<\/label>\n\t\t\t\t\t\t\t\t\t\t\t\t\t\t<input size=\"1\" type=\"email\" name=\"form_fields[field_ec69800]\" id=\"form-field-field_ec69800\" class=\"elementor-field elementor-size-sm  elementor-field-textual\" required=\"required\">\n\t\t\t\t\t\t\t\t\t\t\t<\/div>\n\t\t\t\t\t\t\t\t<div class=\"elementor-field-type-tel elementor-field-group elementor-column elementor-field-group-field_dd7ece5 elementor-col-33\">\n\t\t\t\t\t\t\t\t\t\t\t\t<label for=\"form-field-field_dd7ece5\" class=\"elementor-field-label\">\n\t\t\t\t\t\t\t\tTel\u00e9fono \/ M\u00f3vil\t\t\t\t\t\t\t<\/label>\n\t\t\t\t\t\t\t\t<input size=\"1\" type=\"tel\" name=\"form_fields[field_dd7ece5]\" id=\"form-field-field_dd7ece5\" class=\"elementor-field elementor-size-sm  elementor-field-textual\" pattern=\"[0-9()#&amp;+*-=.]+\" title=\"Solo se aceptan n\u00fameros y caracteres de tel\u00e9fono (#,-,*,etc).\">\n\n\t\t\t\t\t\t<\/div>\n\t\t\t\t\t\t\t\t<div class=\"elementor-field-type-textarea elementor-field-group elementor-column elementor-field-group-message elementor-col-100\">\n\t\t\t\t\t\t\t\t\t\t\t\t<label for=\"form-field-message\" class=\"elementor-field-label\">\n\t\t\t\t\t\t\t\tMensaje\t\t\t\t\t\t\t<\/label>\n\t\t\t\t\t\t<textarea class=\"elementor-field-textual elementor-field  elementor-size-sm\" name=\"form_fields[message]\" id=\"form-field-message\" rows=\"3\"><\/textarea>\t\t\t\t<\/div>\n\t\t\t\t\t\t\t\t<div class=\"elementor-field-type-acceptance elementor-field-group elementor-column elementor-field-group-field_f7705d7 elementor-col-50 elementor-field-required elementor-mark-required\">\n\t\t\t\t\t\t\t<div class=\"elementor-field-subgroup\">\n\t\t\t<span class=\"elementor-field-option\">\n\t\t\t\t<input type=\"checkbox\" name=\"form_fields[field_f7705d7]\" id=\"form-field-field_f7705d7\" class=\"elementor-field elementor-size-sm  elementor-acceptance-field\" required=\"required\">\n\t\t\t\t<label for=\"form-field-field_f7705d7\">Declaro que he le\u00eddo la <a href=\"https:\/\/gaggiotti.com\/es\/politica-de-privacidad\/\">pol\u00edtica de privacidad<\/a> y autorizo el tratamiento de mis datos personales para los fines indicados arriba.<\/label>\t\t\t<\/span>\n\t\t<\/div>\n\t\t\t\t\t\t<\/div>\n\t\t\t\t\t\t\t\t<div class=\"elementor-field-group elementor-column elementor-field-type-submit elementor-col-50 e-form__buttons\">\n\t\t\t\t\t<button class=\"elementor-button elementor-size-sm\" type=\"submit\">\n\t\t\t\t\t\t<span class=\"elementor-button-content-wrapper\">\n\t\t\t\t\t\t\t\t\t\t\t\t\t\t\t\t\t\t\t\t\t\t<span class=\"elementor-button-text\">Enviar mensaje<\/span>\n\t\t\t\t\t\t\t\t\t\t\t\t\t<\/span>\n\t\t\t\t\t<\/button>\n\t\t\t\t<\/div>\n\t\t\t<\/div>\n\t\t<\/form>\n\t\t\t\t\t\t<\/div>\n\t\t\t\t<\/div>\n\t\t\t\t<\/div>\n\t\t\t\t\t<\/div>\n\t\t\t\t<\/section>\n\t\t\t\t<\/div>\n\t\t\t\t<\/div>\n\t\t\t\t\t\t<\/div>\n\t\t\t\t<\/div>\n\t\t\t\t<\/section>\n\t\t\t\t<\/div>\n\t\t","protected":false},"excerpt":{"rendered":"<p>Descubre nuestros Productos personalizados Soluciones personalizadas para hacer realidad tu proyecto. Productos a medida: Perfecci\u00f3n que se adapta a tus necesidades. La personalizaci\u00f3n y el alta calidad son nuestros puntos fuertes, que nos distinguen desde siempre. Un producto personalizado nace de la escucha atenta del cliente para comprender las necesidades y exigencias espec\u00edficas de la [&hellip;]<\/p>\n","protected":false},"author":1,"featured_media":0,"parent":0,"menu_order":0,"comment_status":"closed","ping_status":"closed","template":"","meta":{"_acf_changed":false,"slim_seo":{"title":"Productos personalizados - Gaggiotti Drilling Tools","description":"Descubre nuestros Productos personalizados Soluciones personalizadas para hacer realidad tu proyecto. Productos a medida: Perfecci\u00f3n que se adapta a tus necesid"},"footnotes":""},"class_list":["post-11019","page","type-page","status-publish","hentry"],"acf":[],"_links":{"self":[{"href":"https:\/\/gaggiotti.com\/es\/wp-json\/wp\/v2\/pages\/11019","targetHints":{"allow":["GET"]}}],"collection":[{"href":"https:\/\/gaggiotti.com\/es\/wp-json\/wp\/v2\/pages"}],"about":[{"href":"https:\/\/gaggiotti.com\/es\/wp-json\/wp\/v2\/types\/page"}],"author":[{"embeddable":true,"href":"https:\/\/gaggiotti.com\/es\/wp-json\/wp\/v2\/users\/1"}],"replies":[{"embeddable":true,"href":"https:\/\/gaggiotti.com\/es\/wp-json\/wp\/v2\/comments?post=11019"}],"version-history":[{"count":0,"href":"https:\/\/gaggiotti.com\/es\/wp-json\/wp\/v2\/pages\/11019\/revisions"}],"wp:attachment":[{"href":"https:\/\/gaggiotti.com\/es\/wp-json\/wp\/v2\/media?parent=11019"}],"curies":[{"name":"wp","href":"https:\/\/api.w.org\/{rel}","templated":true}]}}