{"id":11005,"date":"2023-06-21T15:37:35","date_gmt":"2023-06-21T15:37:35","guid":{"rendered":"https:\/\/gaggiotti.com\/politica-de-privacidad\/"},"modified":"2025-03-06T08:26:26","modified_gmt":"2025-03-06T08:26:26","slug":"politica-de-privacidad","status":"publish","type":"page","link":"https:\/\/gaggiotti.com\/es\/politica-de-privacidad\/","title":{"rendered":"Pol\u00edtica de Privacidad"},"content":{"rendered":"\t\t<div data-elementor-type=\"wp-page\" data-elementor-id=\"11005\" class=\"elementor elementor-11005 elementor-3\" data-elementor-post-type=\"page\">\n\t\t\t\t<div class=\"elementor-element elementor-element-d3a3b48 e-flex e-con-boxed e-con e-parent\" data-id=\"d3a3b48\" data-element_type=\"container\" data-e-type=\"container\" data-settings=\"{&quot;background_background&quot;:&quot;classic&quot;}\">\n\t\t\t\t\t<div class=\"e-con-inner\">\n\t\t\t\t<div class=\"elementor-element elementor-element-6264860 elementor-widget elementor-widget-heading\" data-id=\"6264860\" data-element_type=\"widget\" data-e-type=\"widget\" data-widget_type=\"heading.default\">\n\t\t\t\t<div class=\"elementor-widget-container\">\n\t\t\t\t\t<h1 class=\"elementor-heading-title elementor-size-default\">Pol\u00edtica de Privacidad<\/h1>\t\t\t\t<\/div>\n\t\t\t\t<\/div>\n\t\t\t\t\t<\/div>\n\t\t\t\t<\/div>\n\t\t<div class=\"elementor-element elementor-element-522750b e-flex e-con-boxed e-con e-parent\" data-id=\"522750b\" data-element_type=\"container\" data-e-type=\"container\" data-settings=\"{&quot;background_background&quot;:&quot;classic&quot;}\">\n\t\t\t\t\t<div class=\"e-con-inner\">\n\t\t\t\t<div class=\"elementor-element elementor-element-02d59f9 elementor-widget elementor-widget-html\" data-id=\"02d59f9\" data-element_type=\"widget\" data-e-type=\"widget\" data-widget_type=\"html.default\">\n\t\t\t\t<div class=\"elementor-widget-container\">\n\t\t\t\t\t<a href=\"https:\/\/www.iubenda.com\/privacy-policy\/75407145\" class=\"iubenda-nostyle no-brand iubenda-noiframe iubenda-embed iubenda-noiframe iub-body-embed\" title=\"Pol\u00edtica de Privacidad\" target=\"_blank\" rel=\"noopener\">Pol\u00edtica de Privacidad<\/a><script type=\"text\/javascript\">(function (w,d) {var loader = function () {var s = d.createElement(\"script\"), tag = d.getElementsByTagName(\"script\")[0]; s.src=\"https:\/\/cdn.iubenda.com\/iubenda.js\"; tag.parentNode.insertBefore(s,tag);}; if(w.addEventListener){w.addEventListener(\"load\", loader, false);}else if(w.attachEvent){w.attachEvent(\"onload\", loader);}else{w.onload = loader;}})(window, document);<\/script>\t\t\t\t<\/div>\n\t\t\t\t<\/div>\n\t\t\t\t\t<\/div>\n\t\t\t\t<\/div>\n\t\t\t\t<\/div>\n\t\t","protected":false},"excerpt":{"rendered":"<p>Pol\u00edtica de Privacidad Pol\u00edtica de Privacidad<\/p>\n","protected":false},"author":1,"featured_media":0,"parent":0,"menu_order":0,"comment_status":"closed","ping_status":"closed","template":"","meta":{"_acf_changed":false,"slim_seo":{"title":"Pol\u00edtica de Privacidad - Gaggiotti Drilling Tools","description":"Pol\u00edtica de Privacidad Pol\u00edtica de Privacidad"},"footnotes":""},"class_list":["post-11005","page","type-page","status-publish","hentry"],"acf":[],"_links":{"self":[{"href":"https:\/\/gaggiotti.com\/es\/wp-json\/wp\/v2\/pages\/11005","targetHints":{"allow":["GET"]}}],"collection":[{"href":"https:\/\/gaggiotti.com\/es\/wp-json\/wp\/v2\/pages"}],"about":[{"href":"https:\/\/gaggiotti.com\/es\/wp-json\/wp\/v2\/types\/page"}],"author":[{"embeddable":true,"href":"https:\/\/gaggiotti.com\/es\/wp-json\/wp\/v2\/users\/1"}],"replies":[{"embeddable":true,"href":"https:\/\/gaggiotti.com\/es\/wp-json\/wp\/v2\/comments?post=11005"}],"version-history":[{"count":0,"href":"https:\/\/gaggiotti.com\/es\/wp-json\/wp\/v2\/pages\/11005\/revisions"}],"wp:attachment":[{"href":"https:\/\/gaggiotti.com\/es\/wp-json\/wp\/v2\/media?parent=11005"}],"curies":[{"name":"wp","href":"https:\/\/api.w.org\/{rel}","templated":true}]}}